{"id":12,"date":"2021-12-18T11:19:41","date_gmt":"2021-12-18T11:19:41","guid":{"rendered":"http:\/\/www.fiberbarkod.com.tr\/?page_id=12"},"modified":"2021-12-18T11:26:52","modified_gmt":"2021-12-18T11:26:52","slug":"iade-kosullari","status":"publish","type":"page","link":"https:\/\/www.fiberbarkod.com.tr\/index.php\/iade-kosullari\/","title":{"rendered":"\u0130ptal ve \u0130ade Ko\u015fullar\u0131"},"content":{"rendered":"\n<h1 class=\"wp-block-heading\">\u0130ptal ve \u0130ade Ko\u015fullar\u0131<\/h1>\n\n\n\n<h2 class=\"wp-block-heading\">A)Tan\u0131mlar<\/h2>\n\n\n\n<p>Bu metinde ge\u00e7en sanal pazar yeri deyiminden F\u0130BER BARKOD, \u00fcye i\u015f yeri ve sat\u0131c\u0131 deyiminden bu sanal pazar yeri organizasyonuna \u00fcye olan sat\u0131c\u0131lar anla\u015f\u0131lacakt\u0131r.<\/p>\n\n\n\n<p>Ayr\u0131ca F\u0130BER BARKOD da bu sat\u0131c\u0131lar gibi sat\u0131\u015f yapmaktad\u0131r. F\u0130BER BARKOD yapm\u0131\u015f oldu\u011fu sat\u0131\u015flardan \u00f6t\u00fcr\u00fc di\u011fer sat\u0131c\u0131lar gibi sorumludur.<\/p>\n\n\n\n<p>Kullan\u0131c\u0131 ve m\u00fc\u015fteri deyiminden web sitemize \u00fcye olarak veya \u00fcye olmadan bu siteyi ziyaret eden, bu siteden al\u0131\u015fveri\u015f yapan, bu siteyi kullanan birel ziyaret\u00e7iler anla\u015f\u0131lacakt\u0131r.<\/p>\n\n\n\n<h2 class=\"wp-block-heading\">B)Hukuki Metinler<\/h2>\n\n\n\n<p>Bu web sitesi \u00fczerinden al\u0131\u015fveri\u015f yaparak sitenin&nbsp;<strong>HUKUK\u0130 MET\u0130NLER<\/strong>&nbsp;b\u00f6l\u00fcm\u00fcnde yer alan t\u00fcm ilgili metinleri kabul etmi\u015f say\u0131l\u0131rs\u0131n\u0131z. Burada yer alan metinlerin t\u00fcm maddelerini okuman\u0131z\u0131, anlaman\u0131z\u0131, anlamad\u0131\u011f\u0131n\u0131z h\u00fck\u00fcmleri firmam\u0131za dan\u0131\u015fman\u0131z\u0131 tavsiye ederiz.<\/p>\n\n\n\n<h2 class=\"wp-block-heading\">C)Ko\u015fullar<\/h2>\n\n\n\n<ol type=\"1\"><li>Al\u0131c\u0131lar, sat\u0131n ald\u0131klar\u0131 \u00fcr\u00fcn\u00fcn sat\u0131\u015f ve teslimi ile ilgili olarak 6502 say\u0131l\u0131 T\u00fcketicinin Korunmas\u0131 Hakk\u0131nda Kanun ve Mesafeli S\u00f6zle\u015fmeler Y\u00f6netmeli\u011fi (RG:27.11.2014\/29188) h\u00fck\u00fcmleri ile y\u00fcr\u00fcrl\u00fckteki di\u011fer yasalara tabidir.&nbsp;<\/li><li>Aksi anla\u015f\u0131lmad\u0131k\u00e7a \u00fcr\u00fcn sevkiyat\u0131 ve kargo \u00fccretleri al\u0131c\u0131lar taraf\u0131ndan \u00f6denecektir. Al\u0131c\u0131 ve sat\u0131c\u0131 g\u00f6nderim \u00fccreti hususunda aralar\u0131nda bu h\u00fckm\u00fcn aksine bir anla\u015fma yapabilir. \u00dccretsiz kargo etiketli \u00fcr\u00fcnlerde g\u00f6nderim \u00fccreti sat\u0131c\u0131 taraf\u0131ndan kar\u015f\u0131lan\u0131r.<\/li><li>Sat\u0131n al\u0131nan \u00fcr\u00fcnler ve sipari\u015f 30 g\u00fcnl\u00fck yasal s\u00fcreyi a\u015fmamak kayd\u0131yla al\u0131c\u0131n\u0131n sipari\u015f esnas\u0131nda m\u00fc\u015fteri taraf\u0131ndan belirtilmi\u015f olan adresteki bir ki\u015fiye teslim edilir. G\u00f6nderim kargo firmalar\u0131 arac\u0131l\u0131\u011f\u0131 ile sa\u011flanmaktad\u0131r.<\/li><li>Sat\u0131n al\u0131nan \u00fcr\u00fcn garanti belgesi ve kullan\u0131m klavuzu gibi belgeler de dahil olmak \u00fczere eksiksiz ve sipari\u015fteki niteliklere uygun olarak teslim edilmek zorundad\u0131r.<\/li><li>Teslimat\u0131n hukuki ve fiili olarak imkans\u0131zla\u015fmas\u0131 durumunda sat\u0131c\u0131 3 g\u00fcn i\u00e7inde yaz\u0131l\u0131 olarak en az 2 farkl\u0131 kanal arac\u0131l\u0131\u011f\u0131yla al\u0131c\u0131ya bu durumu bildirmek y\u00fck\u00fcml\u00fcl\u00fc\u011f\u00fc alt\u0131ndad\u0131r. Ayr\u0131ca imkans\u0131zl\u0131ktan ve teslimat\u0131n ger\u00e7ekle\u015femeyece\u011finin anla\u015f\u0131lmas\u0131ndan itibaren 14 g\u00fcn i\u00e7inde t\u00fcm bedel al\u0131c\u0131ya geri \u00f6denmelidir. Bu sat\u0131c\u0131 bak\u0131m\u0131ndan ve sanal Pazar yeri bak\u0131m\u0131ndan bir zorunluluktur.<\/li><li>\u00dcr\u00fcn bedeli al\u0131c\u0131 taraf\u0131ndan \u00f6denmez veya EFT talimat\u0131 vb. iptal edilirse; 3D secure kullan\u0131lmayan sat\u0131\u015flarda \u00fccret geri al\u0131n\u0131rsa; bu \u00f6l\u00e7\u00fcde ve do\u011frultuda sat\u0131c\u0131n\u0131n \u00fcr\u00fcn\u00fc teslim etme y\u00fck\u00fcml\u00fcl\u00fc\u011f\u00fc de sona erer.<\/li><li>M\u00fccbir sebeplerin olu\u015fmas\u0131 halinde \u00fcr\u00fcnler teslim edilemez ise durum sat\u0131c\u0131 veya pazar yeri taraf\u0131ndan al\u0131c\u0131ya s\u00fcratle bildirilir. Al\u0131c\u0131 sipari\u015fi iptal edebilir. Bir di\u011fer tercihi ise engel ortadan kalkana dek teslimat\u0131n ertelenmesini talep etme ve sipari\u015fin durumunun beklemeye al\u0131nmas\u0131 olabilir. Bu al\u0131c\u0131 insiyatifindedir.<\/li><li>Al\u0131c\u0131 m\u00fccbir sebepten \u00f6t\u00fcr\u00fc sipari\u015fi iptal ederse \u00f6demeyi nakit yapm\u0131\u015f ise iptalden itibaren 14 g\u00fcn i\u00e7inde kendisine nakden bu \u00fccret \u00f6denecektir. Kredi kart\u0131 ile yapm\u0131\u015f ise bu \u00fccret 14 g\u00fcn i\u00e7erisinde al\u0131c\u0131ya de\u011fil bankaya iade edilecektir. Bankan\u0131n paray\u0131 al\u0131c\u0131n\u0131n (m\u00fc\u015fterinin) hesab\u0131na aktarmas\u0131 s\u00fcrecinde banka ile m\u00fc\u015fteri aras\u0131ndad\u0131r.<\/li><li>Al\u0131c\u0131 mal\u0131 teslim almadan \u00f6nce mal\u0131 muayene etme y\u00fck\u00fcml\u00fcl\u00fc\u011f\u00fc alt\u0131ndad\u0131r. Ezik, ambalaj\u0131 bozuk, k\u0131r\u0131lm\u0131\u015f ay\u0131pl\u0131 ve hasarl\u0131 mallar\u0131 kargo \u015firketinden teslim almamas\u0131 gerekmektedir. Teslim ald\u0131\u011f\u0131 mal\u0131n hasars\u0131z ve sa\u011flam oldu\u011funu kabul etmi\u015f say\u0131lacakt\u0131r.<\/li><li>Cayma hakk\u0131n\u0131 kullanmak isteyen al\u0131c\u0131 mal veya hizmeti kullanmamal\u0131d\u0131r. Kullan\u0131lan \u00fcr\u00fcnlerin cayma hakk\u0131 kapsam\u0131 d\u0131\u015f\u0131nda oldu\u011fu bu s\u00f6zle\u015fme ile al\u0131c\u0131ya bildirilmi\u015ftir. Cayma hakk\u0131n\u0131 kullanan al\u0131c\u0131 \u00fcr\u00fcnle birlikte faturay\u0131 da iade etme y\u00fck\u00fcml\u00fcl\u00fc\u011f\u00fc alt\u0131ndad\u0131r.<\/li><\/ol>\n\n\n\n<h2 class=\"wp-block-heading\">D)Cayma Hakk\u0131<\/h2>\n\n\n\n<p>Al\u0131c\u0131 sat\u0131n ald\u0131\u011f\u0131 \u00fcr\u00fcn\u00fcn kendisine ula\u015ft\u0131\u011f\u0131 ve teslim edildi\u011fi tarihten itibaren; \u00fcr\u00fcn\u00fc kullanmamak ve deformasyon olu\u015fturmamak \u015fart\u0131yla on d\u00f6rt (14) g\u00fcn i\u00e7erisinde sat\u0131c\u0131ya bildirerek cayma hakk\u0131n\u0131 kullanabilir. Bu bildirim sat\u0131c\u0131n\u0131n belirtilen ileti\u015fim bilgileri \u00fczerinden yap\u0131lmal\u0131d\u0131r. Bu ileti\u015fim bilgilerinin g\u00f6nderilen kargo paketi i\u00e7erisinde yer almas\u0131 sat\u0131c\u0131lar i\u00e7in bir zorunluluk te\u015fkil etmektedir. Buna ra\u011fmen sat\u0131c\u0131n\u0131n ileti\u015fim bilgilerine ula\u015famayan al\u0131c\u0131 F\u0130BER BARKOD sanal pazar yeri ile ileti\u015fime ge\u00e7erek bu bildirimi olu\u015fturabilir. Bu bildirimlerde F\u0130BER BARKOD Pazar yeri sadece arac\u0131 konumundad\u0131r.<\/p>\n\n\n\n<ul><li>Cayma hakk\u0131n\u0131n kullan\u0131lmas\u0131ndan kaynaklanan masraflar sanal pazar yerine de\u011fil sat\u0131c\u0131ya aittir.<\/li><li>\u0130lgili mevzuatta Cayma Hakk\u0131 Kullan\u0131lamayacak \u00dcr\u00fcnler ba\u015fl\u0131\u011f\u0131 alt\u0131nda d\u00fczenlenen \u00fcr\u00fcnlerde cayma hakk\u0131 kullan\u0131lamaz. (\u0130\u00e7 giyim \u00fcr\u00fcnleri, yaz\u0131l\u0131mlar \u00f6rnek verilebilir.)<\/li><\/ul>\n\n\n\n<h2 class=\"wp-block-heading\">E)Cayma Hakk\u0131n\u0131n Kullan\u0131m\u0131<\/h2>\n\n\n\n<p>Al\u0131c\u0131 iade formu, iade edilecek \u00fcr\u00fcnlerin kutusu, ambalaj\u0131, varsa standart aksesuarlar\u0131 ile birlikte eksiksiz ve hasars\u0131z olarak teslim edilmesi gerekmektedir. Al\u0131c\u0131, cayma hakk\u0131n\u0131n kullan\u0131m\u0131 i\u00e7in yap\u0131lan bildirimden sonra sat\u0131c\u0131n\u0131n belirtti\u011fi adrese belirtti\u011fi kargo \u015firketi arac\u0131l\u0131\u011f\u0131yla iadeyi yapmak ile m\u00fckelleftir.<\/p>\n\n\n\n<h2 class=\"wp-block-heading\">F)\u0130ade Ko\u015fullar\u0131 ve \u0130ade<\/h2>\n\n\n\n<ol type=\"1\"><li>Sanal pazar yerine \u00fcye olan sat\u0131c\u0131lar cayma bildiriminin kendisine ula\u015fmas\u0131ndan itibaren 10 g\u00fcnl\u00fck s\u00fcre i\u00e7erisinde toplam bedeli al\u0131c\u0131ya iade etmek; elinde senet ve benzer i\u015flevli, al\u0131c\u0131y\u0131 bor\u00e7 alt\u0131na sokan belge varsa bunlar\u0131 iade etmekle y\u00fck\u00fcml\u00fcd\u00fcr. Sat\u0131c\u0131 mal\u0131 20 g\u00fcn i\u00e7erisinde iade almakla y\u00fck\u00fcml\u00fcd\u00fcr.<\/li><li>Al\u0131c\u0131n\u0131n herhangi bir kusurundan kaynakl\u0131 olarak mal\u0131n de\u011ferinde azalma olursa veya herhangi bir al\u0131c\u0131 kusurundan \u00f6t\u00fcr\u00fc iade imkans\u0131zla\u015f\u0131rsa; al\u0131c\u0131 sat\u0131c\u0131n\u0131n bu sebeplerden \u00f6t\u00fcr\u00fc u\u011fram\u0131\u015f oldu\u011fu zarar\u0131n tamam\u0131n\u0131 tanzimle y\u00fck\u00fcml\u00fcd\u00fcr.<\/li><li>Cayma hakk\u0131n\u0131n kullan\u0131lmas\u0131 nedeniyle SATICI taraf\u0131ndan d\u00fczenlenen kampanya limit tutar\u0131n\u0131n alt\u0131na d\u00fc\u015f\u00fclmesi halinde kampanya kapsam\u0131nda faydalan\u0131lan indirim miktar\u0131 iptal edilir.<\/li><\/ol>\n\n\n\n<h2 class=\"wp-block-heading\">G)Cayma Hakk\u0131n\u0131n Kullan\u0131lamayaca\u011f\u0131 \u00dcr\u00fcnler<\/h2>\n\n\n\n<p>Al\u0131c\u0131n\u0131n, m\u00fc\u015fterinin iste\u011fi veya a\u00e7\u0131k\u00e7a ki\u015fisel ihtiya\u00e7lar\u0131 do\u011frultusunda haz\u0131rlanan ve geri g\u00f6nderilmeye m\u00fcsait olmayan; i\u00e7 giyim alt par\u00e7alar\u0131, mayo ve bikini altlar\u0131, makyaj malzemeleri, tek kullan\u0131ml\u0131k \u00fcr\u00fcnler; \u00e7abuk bozulma tehlikesi olan veya son kullanma tarihi ge\u00e7me ihtimali olan malzemeler; ambalaj\u0131 a\u00e7\u0131ld\u0131\u011f\u0131 veya deforme edildi\u011fi takdirde iade edilmesi sa\u011fl\u0131k ve hijyen a\u00e7\u0131s\u0131ndan uygun olmayan \u00fcr\u00fcnler; teslim edildikten sonra ba\u015fka \u00fcr\u00fcnlerle kar\u0131\u015fan ve do\u011fas\u0131 gere\u011fi ayr\u0131\u015ft\u0131r\u0131lmas\u0131 m\u00fcmk\u00fcn olmayan \u00fcr\u00fcnler; gazete ve dergi gibi s\u00fcreli yay\u0131nlara ili\u015fkin mallar; ses veya g\u00f6r\u00fcnt\u00fc kay\u0131tlar\u0131n\u0131n, kitap, dijital i\u00e7erik, yaz\u0131l\u0131m programlar\u0131n\u0131n, veri kaydedebilme ve veri depolama cihazlar\u0131n\u0131n, bilgisayar sarf malzemelerinin, ambalaj\u0131n\u0131n m\u00fc\u015fteri taraf\u0131ndan a\u00e7\u0131lm\u0131\u015f olmas\u0131 halinde iadesi mevzuat gere\u011fi m\u00fcmk\u00fcn de\u011fildir. Ayr\u0131ca cayma hakk\u0131 s\u00fcresi sona ermeden \u00f6nce, t\u00fcketicinin onay\u0131 ile ifas\u0131na ba\u015flanan hizmetlere ili\u015fkin cayma hakk\u0131n\u0131n kullan\u0131lmas\u0131 da Y\u00f6netmelik gere\u011fi m\u00fcmk\u00fcn de\u011fildir.<\/p>\n","protected":false},"excerpt":{"rendered":"<p>\u0130ptal ve \u0130ade Ko\u015fullar\u0131 A)Tan\u0131mlar Bu metinde ge\u00e7en sanal pazar yeri deyiminden F\u0130BER BARKOD, \u00fcye i\u015f yeri ve sat\u0131c\u0131 deyiminden<\/p>\n","protected":false},"author":1,"featured_media":0,"parent":0,"menu_order":0,"comment_status":"closed","ping_status":"closed","template":"","meta":{"footnotes":""},"_links":{"self":[{"href":"https:\/\/www.fiberbarkod.com.tr\/index.php\/wp-json\/wp\/v2\/pages\/12"}],"collection":[{"href":"https:\/\/www.fiberbarkod.com.tr\/index.php\/wp-json\/wp\/v2\/pages"}],"about":[{"href":"https:\/\/www.fiberbarkod.com.tr\/index.php\/wp-json\/wp\/v2\/types\/page"}],"author":[{"embeddable":true,"href":"https:\/\/www.fiberbarkod.com.tr\/index.php\/wp-json\/wp\/v2\/users\/1"}],"replies":[{"embeddable":true,"href":"https:\/\/www.fiberbarkod.com.tr\/index.php\/wp-json\/wp\/v2\/comments?post=12"}],"version-history":[{"count":1,"href":"https:\/\/www.fiberbarkod.com.tr\/index.php\/wp-json\/wp\/v2\/pages\/12\/revisions"}],"predecessor-version":[{"id":9322,"href":"https:\/\/www.fiberbarkod.com.tr\/index.php\/wp-json\/wp\/v2\/pages\/12\/revisions\/9322"}],"wp:attachment":[{"href":"https:\/\/www.fiberbarkod.com.tr\/index.php\/wp-json\/wp\/v2\/media?parent=12"}],"curies":[{"name":"wp","href":"https:\/\/api.w.org\/{rel}","templated":true}]}}