{"id":3,"date":"2021-12-10T23:50:00","date_gmt":"2021-12-10T23:50:00","guid":{"rendered":"http:\/\/www.fiberbarkod.com.tr\/?page_id=3"},"modified":"2021-12-18T11:18:47","modified_gmt":"2021-12-18T11:18:47","slug":"privacy-policy","status":"publish","type":"page","link":"https:\/\/www.fiberbarkod.com.tr\/index.php\/privacy-policy\/","title":{"rendered":"Kvkk Ayd\u0131nlatma Metni"},"content":{"rendered":"\n<h1 class=\"wp-block-heading\">Fiber Barkod KVKK Ayd\u0131nlatma Metni<\/h1>\n\n\n\n<p>\u015eirketimiz taraf\u0131ndan 6698 say\u0131l\u0131 Ki\u015fisel Verilerin Korunmas\u0131 Kanunu (KVKK) uyar\u0131nca ki\u015fisel verileriniz; sitemizin \u00fcyelik s\u00f6zle\u015fmesi, gizlilik politikas\u0131 vb. hukuki metinlerinde detayl\u0131ca a\u00e7\u0131klanan&nbsp; \u015fekilde toplanmakta ve kullanmak, kaydetmek, s\u0131n\u0131fland\u0131rmak suretiyle i\u015flenmektedir. \u0130\u015fin mahiyetinden \u00f6t\u00fcr\u00fc toplanan ki\u015fisel verileriniz web sitemizin geri plan\u0131nda g\u00fcvenle saklanmaktad\u0131r. Hukuka ayk\u0131r\u0131 olarak ele ge\u00e7irilmelerine, i\u015flenmelerine ve kullan\u0131lmalar\u0131na kar\u015f\u0131 \u00f6nlemleri web sitemiz almaktad\u0131r.<\/p>\n\n\n\n<p>Metnin hedef kitlesi web sitemizi ziyaret eden internet kullan\u0131c\u0131lar\u0131, web sitemize \u00fcye olan kullan\u0131c\u0131lar\u0131m\u0131z ve \u00fcye olarak\/\u00fcye olmadan web sitemizden al\u0131\u015fveri\u015f yapan m\u00fc\u015fterilerimizdir.&nbsp;<\/p>\n\n\n\n<p>Veri sorumlusu s\u0131fat\u0131yla i\u015flenen ki\u015fisel verilere, burada belirtilenlerle s\u0131n\u0131rl\u0131 say\u0131da olmamak \u00fczere a\u015fa\u011f\u0131da yer verilmektedir;<\/p>\n\n\n\n<p>\u0130sim, soy isim, adres, telefon numaras\u0131, e-posta adresi, banka hesap numaras\u0131, cookie kay\u0131tlar\u0131, BDDK uyar\u0131nca kurulmu\u015f olan sanal pos firmas\u0131ndan al\u0131nm\u0131\u015f olan \u00f6demenin ba\u015far\u0131l\u0131 veya ba\u015far\u0131l\u0131 olmad\u0131\u011f\u0131na dair bilgi \u015feklindedir.<\/p>\n\n\n\n<h2 class=\"wp-block-heading\">Ki\u015fisel Verilerinizin Toplanmas\u0131n\u0131n, Saklanmas\u0131n\u0131n ve \u0130\u015flenmesinin Ba\u015fl\u0131ca Sebepleri<\/h2>\n\n\n\n<p>\u00d6ncelikle bu i\u015flemlerin yap\u0131lmas\u0131 bir kanuni y\u00fck\u00fcml\u00fcl\u00fckt\u00fcr. Ki\u015fisel verileriniz \u00f6zellikle firmam\u0131z\u0131n devlete kar\u015f\u0131 olan y\u00fck\u00fcml\u00fcl\u00fcklerini yerine getirmek; sipari\u015f s\u00fcre\u00e7lerinizi sa\u011fl\u0131kl\u0131 olarak y\u00fcr\u00fctmek maksad\u0131yla kullan\u0131lmaktad\u0131r. Buna \u00f6rnek olarak kargo \u015firketine sipari\u015finizin kap\u0131n\u0131za kadar teslim edilebilmesi i\u00e7in ad\u0131n\u0131z\u0131n, soyad\u0131n\u0131z\u0131n, adresinizin ve telefon numaran\u0131z\u0131n verilmesi g\u00f6sterilebilir.<\/p>\n\n\n\n<h2 class=\"wp-block-heading\">Toplanmakta Olan Ki\u015fisel Verileriniz<\/h2>\n\n\n\n<p>\u00d6zellikle sipari\u015f s\u00fcrecinizin y\u00fcr\u00fct\u00fclmesi i\u00e7in \u00fcyelik esnas\u0131nda veya sipari\u015f esnas\u0131nda ad\u0131n\u0131z ve soyad\u0131n\u0131z, adresiniz, e-postan\u0131z, telefon numaran\u0131z; e\u011fer eft-havale yaparsan\u0131z IBAN\/hesap numaras\u0131 bilginiz firmam\u0131zca kaydedilmektedir.<\/p>\n\n\n\n<p>Ki\u015fisel verilerin toplanma ve saklanma y\u00f6ntemi; \u015eirketimizle payla\u015ft\u0131\u011f\u0131n\u0131z ki\u015fisel verileriniz, otomatik ya da otomatik olmayan y\u00f6ntemlerle elektronik olarak toplanabilir. Ki\u015fisel verileriniz elektronik ortamlarda saklanacakt\u0131r. \u015eirketimiz taraf\u0131ndan temin edilen ve saklanan ki\u015fisel verilerinizin sakland\u0131klar\u0131 ortamlarda yetkisiz eri\u015fime maruz kalmamalar\u0131, manip\u00fclasyona u\u011framamalar\u0131, kaybolmamalar\u0131 ve zarar g\u00f6rmemeleri amac\u0131yla gereken i\u015f s\u00fcre\u00e7lerinin tasar\u0131m\u0131 ile teknik g\u00fcvenlik altyap\u0131 geli\u015ftirmeleri uygulanmaktad\u0131r.&nbsp;<\/p>\n\n\n\n<h2 class=\"wp-block-heading\">Ki\u015fisel Verilerinizin Aktar\u0131lmas\u0131<\/h2>\n\n\n\n<p>Ki\u015fisel verileriniz kanunlar, mevzuat ve i\u015fin niteli\u011fi gere\u011fince;<\/p>\n\n\n\n<ul><li>M\u00fc\u015fteri hizmetlerimize<\/li><li>Kargo firmalar\u0131na<\/li><li>D\u00fczenleyici ve denetleyici kurumlara<\/li><li>Yetkili kamu kurum ve kurulu\u015flar\u0131na<\/li><li>Vergi kurulu\u015flar\u0131na aktar\u0131lmaktad\u0131r.<\/li><\/ul>\n\n\n\n<h2 class=\"wp-block-heading\">KVKK 11. Madde Uyar\u0131nca Haklar\u0131n\u0131z<\/h2>\n\n\n\n<p>Verilerinizin i\u015flenip i\u015flenmedi\u011fini \u00f6\u011frenme, i\u015flenmi\u015fse nas\u0131l ve ne kadar\u0131n\u0131n i\u015flendi\u011fi hakk\u0131nda bilgi talep etme, i\u015flenme amac\u0131n\u0131 ve kullan\u0131l\u0131\u015f \u015feklini \u00f6\u011frenme, aktar\u0131lan ki\u015fileri bilme, yanl\u0131\u015f i\u015flenmelerin d\u00fczeltilmesini isteme \u015feklindedir.<\/p>\n\n\n\n<p>Ayr\u0131ca Ki\u015fisel Verileri Koruma Kanunu (KVKK)\u2019da belirtilen \u015fartlar olgunla\u015ft\u0131 ise ge\u00e7mi\u015f d\u00f6nemde web sitemiz\/firmam\u0131z taraf\u0131ndan kaydedilen ki\u015fisel verilerinizin silinmesini ve yok edilmesini isteme hakk\u0131na sahipsiniz.<\/p>\n\n\n\n<p>Veriler otomatik sistemler taraf\u0131ndan i\u015flenmektedir. Hata pay\u0131 olmayan bu sistemler yine de bir hata yaparsa bu hatay\u0131 firmam\u0131za bildirebilir ve d\u00fczeltme\/silme talep edebilirsiniz. Ayn\u0131 \u015fekilde sizin eksik ya da hatal\u0131 bir veriyi sistemlerimize kaydetmeniz durumunda da ki\u015fisel verilerinizin d\u00fczeltilmesini firmam\u0131zdan talep edebilirsiniz.<\/p>\n\n\n\n<p>KVKK\u2019n\u0131n 13. maddesinin 1. f\u0131kras\u0131 gere\u011fince, yukar\u0131da belirtilen haklar\u0131n\u0131z\u0131 kullanmak ile ilgili talebinizi, yaz\u0131l\u0131 olarak veya Ki\u015fisel Verileri Koruma Kurulu\u2019nun belirledi\u011fi di\u011fer y\u00f6ntemlerle firmam\u0131za &nbsp;iletebilirsiniz.<\/p>\n\n\n\n<p>Yukar\u0131da belirtilen haklar\u0131n\u0131z\u0131 kullanmak i\u00e7in&nbsp;<a href=\"mailto:firmaadi@firma.com\">firmaadi@firma.com<\/a>&nbsp;adresine e-posta yollayabilir, gerekli do\u011frulamalar yap\u0131ld\u0131ktan sonra haklar\u0131n\u0131z\u0131 kullanabilirsiniz. Ayr\u0131ca firmam\u0131z\u0131n yasal adresine bizzat elden de dilek\u00e7e ile Ki\u015fisel Verilerin Korunmas\u0131 Kanunu uyar\u0131nca sahibi oldu\u011funuz haklar\u0131 kullanmak \u00fczere ba\u015fvurabilirsiniz.<\/p>\n\n\n\n<p>Web sitemize kay\u0131t olan\/servislerimizi kullanan veya sipari\u015f veren t\u00fcm kullan\u0131c\u0131lar\u0131m\u0131z Ki\u015fisel verilerin korunmas\u0131 hakk\u0131nda haz\u0131rlam\u0131\u015f oldu\u011fumuz bu bilgilendirme metninin i\u00e7eri\u011fini okumakla y\u00fck\u00fcml\u00fcd\u00fcr. Daha fazla bilgi sahibi olmak i\u00e7in&nbsp;<a href=\"https:\/\/www.kvkk.gov.tr\/\">https:\/\/www.kvkk.gov.tr\/<\/a>&nbsp;adresini ziyaret edebilirsiniz.<\/p>\n","protected":false},"excerpt":{"rendered":"<p>Fiber Barkod KVKK Ayd\u0131nlatma Metni \u015eirketimiz taraf\u0131ndan 6698 say\u0131l\u0131 Ki\u015fisel Verilerin Korunmas\u0131 Kanunu (KVKK) uyar\u0131nca ki\u015fisel verileriniz; sitemizin \u00fcyelik s\u00f6zle\u015fmesi,<\/p>\n","protected":false},"author":1,"featured_media":0,"parent":0,"menu_order":0,"comment_status":"closed","ping_status":"open","template":"","meta":{"footnotes":""},"_links":{"self":[{"href":"https:\/\/www.fiberbarkod.com.tr\/index.php\/wp-json\/wp\/v2\/pages\/3"}],"collection":[{"href":"https:\/\/www.fiberbarkod.com.tr\/index.php\/wp-json\/wp\/v2\/pages"}],"about":[{"href":"https:\/\/www.fiberbarkod.com.tr\/index.php\/wp-json\/wp\/v2\/types\/page"}],"author":[{"embeddable":true,"href":"https:\/\/www.fiberbarkod.com.tr\/index.php\/wp-json\/wp\/v2\/users\/1"}],"replies":[{"embeddable":true,"href":"https:\/\/www.fiberbarkod.com.tr\/index.php\/wp-json\/wp\/v2\/comments?post=3"}],"version-history":[{"count":3,"href":"https:\/\/www.fiberbarkod.com.tr\/index.php\/wp-json\/wp\/v2\/pages\/3\/revisions"}],"predecessor-version":[{"id":9321,"href":"https:\/\/www.fiberbarkod.com.tr\/index.php\/wp-json\/wp\/v2\/pages\/3\/revisions\/9321"}],"wp:attachment":[{"href":"https:\/\/www.fiberbarkod.com.tr\/index.php\/wp-json\/wp\/v2\/media?parent=3"}],"curies":[{"name":"wp","href":"https:\/\/api.w.org\/{rel}","templated":true}]}}