{"id":4179,"date":"2021-09-13T16:58:04","date_gmt":"2021-09-13T16:58:04","guid":{"rendered":"http:\/\/dummy.xtemos.com\/woodmart2\/elementor\/?page_id=4179"},"modified":"2025-08-12T02:14:59","modified_gmt":"2025-08-11T23:14:59","slug":"ana-sayfa","status":"publish","type":"page","link":"https:\/\/www.fiberbarkod.com.tr\/","title":{"rendered":"Ana Sayfa"},"content":{"rendered":"<article id=\"post-14101\">\n<header>\n\t\t\t\t\t12<br \/>\n\t\t\t\t\tA\u011fu<br \/>\n\t\t\t\t<\/header>\n<p><!-- .entry-header --><br \/>\n\t\t\t\t\t\t\t<a href=\"https:\/\/www.fiberbarkod.com.tr\/index.php\/category\/ggbet-casino-35\/\" rel=\"category tag\">Ggbet Casino 35<\/a><\/p>\n<h3>\n\t\t\t\t\t<a href=\"https:\/\/www.fiberbarkod.com.tr\/index.php\/2025\/08\/12\/ggbet-logowanie-151\/\" rel=\"bookmark\">Ggbet Casino Najlepsze Sloty Internetowego Na Pieni\u0105dze W Ggbet<\/a><br \/>\n\t\t\t\t<\/h3>\n<ul>\n<li>\n\t\t\t\t\t\t\t\t<time datetime=\"2025-08-12T02:03:10+03:00\"><br \/>\n\t\t\t12 A\u011fustos 2025\t\t<\/time>\n\t\t\t\t\t\t\t<\/li>\n<li>\n\t\t\t\t\t\t\t\t\t\t\t\tTaraf\u0131ndan g\u00f6nderildi<br \/>\n\t\t\t\t\t<img alt='author-avatar' src='https:\/\/secure.gravatar.com\/avatar\/7be89081337bd17c0960513b5b16c916?s=32&#038;d=mm&#038;r=g' srcset='https:\/\/secure.gravatar.com\/avatar\/7be89081337bd17c0960513b5b16c916?s=64&#038;d=mm&#038;r=g 2x' class='avatar avatar-32 photo' height='32' width='32' decoding='async'\/><br \/>\n\t\t<a href=\"https:\/\/www.fiberbarkod.com.tr\/index.php\/author\/admin\/\" rel=\"author\"><br \/>\n\t\t\t\tadmin<br \/>\n\t\t<\/a>\n\t\t\t\t\t\t\t\t<\/li>\n<li>\n\t\t\t\t\t\t\t<a href=\"https:\/\/www.fiberbarkod.com.tr\/index.php\/2025\/08\/12\/ggbet-logowanie-151\/#respond\">0 yorumlar<\/a>\t\t\t\t\t\t<\/li>\n<\/ul>\n<p>\t\t\t\t\t\t<!-- .entry-meta --><br \/>\n\t\t\t\t\t\t\t\t\t<a rel=\"noopener noreferrer nofollow\" href=\"https:\/\/www.facebook.com\/sharer\/sharer.php?u=https:\/\/www.fiberbarkod.com.tr\/index.php\/2025\/08\/12\/ggbet-logowanie-151\/\" target=\"_blank\" aria-label=\"Facebook social link\"><br \/>\n\t\t\t\t\t\t\t\t\t\t\t<\/a><br \/>\n\t\t\t\t\t\t\t\t\t<a rel=\"noopener noreferrer nofollow\" href=\"https:\/\/twitter.com\/share?url=https:\/\/www.fiberbarkod.com.tr\/index.php\/2025\/08\/12\/ggbet-logowanie-151\/\" target=\"_blank\" aria-label=\"Twitter social link\"><br \/>\n\t\t\t\t\t\t\t\t\t\t\t<\/a><br \/>\n\t\t\t\t\t\t\t\t\t<a rel=\"noopener noreferrer nofollow\" href=\"https:\/\/api.whatsapp.com\/send?text=https%3A%2F%2Fwww.fiberbarkod.com.tr%2Findex.php%2F2025%2F08%2F12%2Fggbet-logowanie-151%2F\" target=\"_blank\" aria-label=\"WhatsApp social link\"><br \/>\n\t\t\t\t\t\t\t\t\t\t\t<\/a><br \/>\n\t\t\t\t\t<a rel=\"noopener noreferrer nofollow\" href=\"\/\/send?text=https%3A%2F%2Fwww.fiberbarkod.com.tr%2Findex.php%2F2025%2F08%2F12%2Fggbet-logowanie-151%2F\" target=\"_blank\" aria-label=\"WhatsApp social link\"><br \/>\n\t\t\t\t\t\t\t\t\t\t\t<\/a><br \/>\n<\/article>\n<p><!-- #post --><\/p>\n<article id=\"post-14099\">\n<header>\n\t\t\t\t\t12<br \/>\n\t\t\t\t\tA\u011fu<br \/>\n\t\t\t\t<\/header>\n<p><!-- .entry-header --><br \/>\n\t\t\t\t\t\t\t<a href=\"https:\/\/www.fiberbarkod.com.tr\/index.php\/category\/ggbet-casino-35\/\" rel=\"category tag\">Ggbet Casino 35<\/a><\/p>\n<h3>\n\t\t\t\t\t<a href=\"https:\/\/www.fiberbarkod.com.tr\/index.php\/2025\/08\/12\/ggbet-pl-246\/\" rel=\"bookmark\">Zak\u0142ady Bukmacherskie I Kasyno Online Strona Oficjalna<\/a><br \/>\n\t\t\t\t<\/h3>\n<ul>\n<li>\n\t\t\t\t\t\t\t\t<time datetime=\"2025-08-12T02:02:57+03:00\"><br \/>\n\t\t\t12 A\u011fustos 2025\t\t<\/time>\n\t\t\t\t\t\t\t<\/li>\n<li>\n\t\t\t\t\t\t\t\t\t\t\t\tTaraf\u0131ndan g\u00f6nderildi<br \/>\n\t\t\t\t\t<img alt='author-avatar' src='https:\/\/secure.gravatar.com\/avatar\/7be89081337bd17c0960513b5b16c916?s=32&#038;d=mm&#038;r=g' srcset='https:\/\/secure.gravatar.com\/avatar\/7be89081337bd17c0960513b5b16c916?s=64&#038;d=mm&#038;r=g 2x' class='avatar avatar-32 photo' height='32' width='32' decoding='async'\/><br \/>\n\t\t<a href=\"https:\/\/www.fiberbarkod.com.tr\/index.php\/author\/admin\/\" rel=\"author\"><br \/>\n\t\t\t\tadmin<br \/>\n\t\t<\/a>\n\t\t\t\t\t\t\t\t<\/li>\n<li>\n\t\t\t\t\t\t\t<a href=\"https:\/\/www.fiberbarkod.com.tr\/index.php\/2025\/08\/12\/ggbet-pl-246\/#respond\">0 yorumlar<\/a>\t\t\t\t\t\t<\/li>\n<\/ul>\n<p>\t\t\t\t\t\t<!-- .entry-meta --><br \/>\n\t\t\t\t\t\t\t\t\t<a rel=\"noopener noreferrer nofollow\" href=\"https:\/\/www.facebook.com\/sharer\/sharer.php?u=https:\/\/www.fiberbarkod.com.tr\/index.php\/2025\/08\/12\/ggbet-pl-246\/\" target=\"_blank\" aria-label=\"Facebook social link\"><br \/>\n\t\t\t\t\t\t\t\t\t\t\t<\/a><br \/>\n\t\t\t\t\t\t\t\t\t<a rel=\"noopener noreferrer nofollow\" href=\"https:\/\/twitter.com\/share?url=https:\/\/www.fiberbarkod.com.tr\/index.php\/2025\/08\/12\/ggbet-pl-246\/\" target=\"_blank\" aria-label=\"Twitter social link\"><br \/>\n\t\t\t\t\t\t\t\t\t\t\t<\/a><br \/>\n\t\t\t\t\t\t\t\t\t<a rel=\"noopener noreferrer nofollow\" href=\"https:\/\/api.whatsapp.com\/send?text=https%3A%2F%2Fwww.fiberbarkod.com.tr%2Findex.php%2F2025%2F08%2F12%2Fggbet-pl-246%2F\" target=\"_blank\" aria-label=\"WhatsApp social link\"><br \/>\n\t\t\t\t\t\t\t\t\t\t\t<\/a><br \/>\n\t\t\t\t\t<a rel=\"noopener noreferrer nofollow\" href=\"\/\/send?text=https%3A%2F%2Fwww.fiberbarkod.com.tr%2Findex.php%2F2025%2F08%2F12%2Fggbet-pl-246%2F\" target=\"_blank\" aria-label=\"WhatsApp social link\"><br \/>\n\t\t\t\t\t\t\t\t\t\t\t<\/a><br \/>\n<\/article>\n<p><!-- #post --><\/p>\n<article id=\"post-14097\">\n<header>\n\t\t\t\t\t12<br \/>\n\t\t\t\t\tA\u011fu<br \/>\n\t\t\t\t<\/header>\n<p><!-- .entry-header --><br \/>\n\t\t\t\t\t\t\t<a href=\"https:\/\/www.fiberbarkod.com.tr\/index.php\/category\/ggbet-casino-35\/\" rel=\"category tag\">Ggbet Casino 35<\/a><\/p>\n<h3>\n\t\t\t\t\t<a href=\"https:\/\/www.fiberbarkod.com.tr\/index.php\/2025\/08\/12\/ggbet-kasyno-998\/\" rel=\"bookmark\">Ggbet Kasyno 2025: Pogl\u0105dy, Bonus 175 Pln I Szczeg\u00f3\u0142owa Recenzja<\/a><br \/>\n\t\t\t\t<\/h3>\n<ul>\n<li>\n\t\t\t\t\t\t\t\t<time datetime=\"2025-08-12T02:02:44+03:00\"><br \/>\n\t\t\t12 A\u011fustos 2025\t\t<\/time>\n\t\t\t\t\t\t\t<\/li>\n<li>\n\t\t\t\t\t\t\t\t\t\t\t\tTaraf\u0131ndan g\u00f6nderildi<br \/>\n\t\t\t\t\t<img alt='author-avatar' src='https:\/\/secure.gravatar.com\/avatar\/7be89081337bd17c0960513b5b16c916?s=32&#038;d=mm&#038;r=g' srcset='https:\/\/secure.gravatar.com\/avatar\/7be89081337bd17c0960513b5b16c916?s=64&#038;d=mm&#038;r=g 2x' class='avatar avatar-32 photo' height='32' width='32' decoding='async'\/><br \/>\n\t\t<a href=\"https:\/\/www.fiberbarkod.com.tr\/index.php\/author\/admin\/\" rel=\"author\"><br \/>\n\t\t\t\tadmin<br \/>\n\t\t<\/a>\n\t\t\t\t\t\t\t\t<\/li>\n<li>\n\t\t\t\t\t\t\t<a href=\"https:\/\/www.fiberbarkod.com.tr\/index.php\/2025\/08\/12\/ggbet-kasyno-998\/#respond\">0 yorumlar<\/a>\t\t\t\t\t\t<\/li>\n<\/ul>\n<p>\t\t\t\t\t\t<!-- .entry-meta --><br \/>\n\t\t\t\t\t\t\t\t\t<a rel=\"noopener noreferrer nofollow\" href=\"https:\/\/www.facebook.com\/sharer\/sharer.php?u=https:\/\/www.fiberbarkod.com.tr\/index.php\/2025\/08\/12\/ggbet-kasyno-998\/\" target=\"_blank\" aria-label=\"Facebook social link\"><br \/>\n\t\t\t\t\t\t\t\t\t\t\t<\/a><br \/>\n\t\t\t\t\t\t\t\t\t<a rel=\"noopener noreferrer nofollow\" href=\"https:\/\/twitter.com\/share?url=https:\/\/www.fiberbarkod.com.tr\/index.php\/2025\/08\/12\/ggbet-kasyno-998\/\" target=\"_blank\" aria-label=\"Twitter social link\"><br \/>\n\t\t\t\t\t\t\t\t\t\t\t<\/a><br \/>\n\t\t\t\t\t\t\t\t\t<a rel=\"noopener noreferrer nofollow\" href=\"https:\/\/api.whatsapp.com\/send?text=https%3A%2F%2Fwww.fiberbarkod.com.tr%2Findex.php%2F2025%2F08%2F12%2Fggbet-kasyno-998%2F\" target=\"_blank\" aria-label=\"WhatsApp social link\"><br \/>\n\t\t\t\t\t\t\t\t\t\t\t<\/a><br \/>\n\t\t\t\t\t<a rel=\"noopener noreferrer nofollow\" href=\"\/\/send?text=https%3A%2F%2Fwww.fiberbarkod.com.tr%2Findex.php%2F2025%2F08%2F12%2Fggbet-kasyno-998%2F\" target=\"_blank\" aria-label=\"WhatsApp social link\"><br \/>\n\t\t\t\t\t\t\t\t\t\t\t<\/a><br \/>\n<\/article>\n<p><!-- #post --><\/p>\n<article id=\"post-14095\">\n<header>\n\t\t\t\t\t12<br \/>\n\t\t\t\t\tA\u011fu<br \/>\n\t\t\t\t<\/header>\n<p><!-- .entry-header --><br \/>\n\t\t\t\t\t\t\t<a href=\"https:\/\/www.fiberbarkod.com.tr\/index.php\/category\/1-vin-953\/\" rel=\"category tag\">1 Vin 953<\/a><\/p>\n<h3>\n\t\t\t\t\t<a href=\"https:\/\/www.fiberbarkod.com.tr\/index.php\/2025\/08\/12\/1win-skachat-100\/\" rel=\"bookmark\">Aviator 1win On Collection Casino: Enjoy Aviator Online Game Online<\/a><br \/>\n\t\t\t\t<\/h3>\n<ul>\n<li>\n\t\t\t\t\t\t\t\t<time datetime=\"2025-08-12T02:02:19+03:00\"><br \/>\n\t\t\t12 A\u011fustos 2025\t\t<\/time>\n\t\t\t\t\t\t\t<\/li>\n<li>\n\t\t\t\t\t\t\t\t\t\t\t\tTaraf\u0131ndan g\u00f6nderildi<br \/>\n\t\t\t\t\t<img alt='author-avatar' src='https:\/\/secure.gravatar.com\/avatar\/7be89081337bd17c0960513b5b16c916?s=32&#038;d=mm&#038;r=g' srcset='https:\/\/secure.gravatar.com\/avatar\/7be89081337bd17c0960513b5b16c916?s=64&#038;d=mm&#038;r=g 2x' class='avatar avatar-32 photo' height='32' width='32' decoding='async'\/><br \/>\n\t\t<a href=\"https:\/\/www.fiberbarkod.com.tr\/index.php\/author\/admin\/\" rel=\"author\"><br \/>\n\t\t\t\tadmin<br \/>\n\t\t<\/a>\n\t\t\t\t\t\t\t\t<\/li>\n<li>\n\t\t\t\t\t\t\t<a href=\"https:\/\/www.fiberbarkod.com.tr\/index.php\/2025\/08\/12\/1win-skachat-100\/#respond\">0 yorumlar<\/a>\t\t\t\t\t\t<\/li>\n<\/ul>\n<p>\t\t\t\t\t\t<!-- .entry-meta --><br \/>\n\t\t\t\t\t\t\t\t\t<a rel=\"noopener noreferrer nofollow\" href=\"https:\/\/www.facebook.com\/sharer\/sharer.php?u=https:\/\/www.fiberbarkod.com.tr\/index.php\/2025\/08\/12\/1win-skachat-100\/\" target=\"_blank\" aria-label=\"Facebook social link\"><br \/>\n\t\t\t\t\t\t\t\t\t\t\t<\/a><br \/>\n\t\t\t\t\t\t\t\t\t<a rel=\"noopener noreferrer nofollow\" href=\"https:\/\/twitter.com\/share?url=https:\/\/www.fiberbarkod.com.tr\/index.php\/2025\/08\/12\/1win-skachat-100\/\" target=\"_blank\" aria-label=\"Twitter social link\"><br \/>\n\t\t\t\t\t\t\t\t\t\t\t<\/a><br \/>\n\t\t\t\t\t\t\t\t\t<a rel=\"noopener noreferrer nofollow\" href=\"https:\/\/api.whatsapp.com\/send?text=https%3A%2F%2Fwww.fiberbarkod.com.tr%2Findex.php%2F2025%2F08%2F12%2F1win-skachat-100%2F\" target=\"_blank\" aria-label=\"WhatsApp social link\"><br \/>\n\t\t\t\t\t\t\t\t\t\t\t<\/a><br \/>\n\t\t\t\t\t<a rel=\"noopener noreferrer nofollow\" href=\"\/\/send?text=https%3A%2F%2Fwww.fiberbarkod.com.tr%2Findex.php%2F2025%2F08%2F12%2F1win-skachat-100%2F\" target=\"_blank\" aria-label=\"WhatsApp social link\"><br \/>\n\t\t\t\t\t\t\t\t\t\t\t<\/a><br \/>\n<\/article>\n<p><!-- #post --><br \/>\n\t\t\t\t <!-- end product-items --><br \/>\n\t\t\t <!-- end #carousel-211 --><\/p>\n<h4>BASINDA B\u0130Z<\/h4>\n<p>\t\thttps:\/\/www.youtube.com\/watch?v=4Hf3lpb-YMohttps:\/\/www.youtube.com\/watch?v=jSwMgenyT08\t\t<\/p>\n<h4>\u0130\u015e ORTAKLARIMIZ<\/h4>\n<h4>YORUM YAPAN M\u00dc\u015eTER\u0130LER\u0130M\u0130ZDEN<\/h4>\n<p>Binlerce M\u00fc\u015fteri Memnuniyeti Bizim \u0130\u00e7in Googde Yorum Yapanalar<\/p>\n<h4>POP\u00dcLER PAZAR YERLER\u0130 ADRESLER\u0130M\u0130Z<\/h4>\n<p>\t\t\t<a href=\"https:\/\/1xbetgirisaz.com\/\">1xbet<\/a><\/p>\n","protected":false},"excerpt":{"rendered":"<p>12 A\u011fu Ggbet Casino 35 Ggbet Casino Najlepsze Sloty Internetowego Na Pieni\u0105dze W Ggbet 12 A\u011fustos 2025 Taraf\u0131ndan g\u00f6nderildi admin<\/p>\n","protected":false},"author":1,"featured_media":0,"parent":0,"menu_order":0,"comment_status":"closed","ping_status":"closed","template":"","meta":{"footnotes":""},"_links":{"self":[{"href":"https:\/\/www.fiberbarkod.com.tr\/index.php\/wp-json\/wp\/v2\/pages\/4179"}],"collection":[{"href":"https:\/\/www.fiberbarkod.com.tr\/index.php\/wp-json\/wp\/v2\/pages"}],"about":[{"href":"https:\/\/www.fiberbarkod.com.tr\/index.php\/wp-json\/wp\/v2\/types\/page"}],"author":[{"embeddable":true,"href":"https:\/\/www.fiberbarkod.com.tr\/index.php\/wp-json\/wp\/v2\/users\/1"}],"replies":[{"embeddable":true,"href":"https:\/\/www.fiberbarkod.com.tr\/index.php\/wp-json\/wp\/v2\/comments?post=4179"}],"version-history":[{"count":70,"href":"https:\/\/www.fiberbarkod.com.tr\/index.php\/wp-json\/wp\/v2\/pages\/4179\/revisions"}],"predecessor-version":[{"id":14104,"href":"https:\/\/www.fiberbarkod.com.tr\/index.php\/wp-json\/wp\/v2\/pages\/4179\/revisions\/14104"}],"wp:attachment":[{"href":"https:\/\/www.fiberbarkod.com.tr\/index.php\/wp-json\/wp\/v2\/media?parent=4179"}],"curies":[{"name":"wp","href":"https:\/\/api.w.org\/{rel}","templated":true}]}}