{"id":4439,"date":"2021-10-12T16:27:24","date_gmt":"2021-10-12T16:27:24","guid":{"rendered":"http:\/\/dummy.xtemos.com\/woodmart2\/elementor\/?page_id=4439"},"modified":"2025-07-24T15:33:30","modified_gmt":"2025-07-24T12:33:30","slug":"iletisim","status":"publish","type":"page","link":"https:\/\/www.fiberbarkod.com.tr\/index.php\/iletisim\/","title":{"rendered":"\u0130leti\u015fim"},"content":{"rendered":"<style>\/*! elementor - v3.22.0 - 26-06-2024 *\/\n.elementor-widget-google_maps .elementor-widget-container{overflow:hidden}.elementor-widget-google_maps .elementor-custom-embed{line-height:0}.elementor-widget-google_maps iframe{height:300px}<\/style>\n<p>\t\t\t<iframe loading=\"lazy\"\n\t\t\t\t\tsrc=\"https:\/\/maps.google.com\/maps?q=fiberbarkod&#038;t=m&#038;z=17&#038;output=embed&#038;iwloc=near\"\n\t\t\t\t\ttitle=\"fiberbarkod\"\n\t\t\t\t\taria-label=\"fiberbarkod\"\n\t\t\t><\/iframe>\n\t\t\t<link rel=\"stylesheet\" href=\"https:\/\/www.fiberbarkod.com.tr\/wp-content\/plugins\/elementor\/assets\/css\/widget-icon-box.min.css\">\n<h3>\n\t\t\t\t\t\t\tSat\u0131\u015f Ma\u011fazam\u0131z<br \/>\n\t\t\t\t\t<\/h3>\n<p>\n\t\t\t\t\t\tAdres: Cumhuriyet, Necip Faz\u0131l Cd. NO: 42, 34265 Sultangazi\/\u0130stanbul\t\t\t\t\t<\/p>\n<h3>\n\t\t\t\t\t\t\t\u0130leti\u015fim Bilgilerimiz<br \/>\n\t\t\t\t\t<\/h3>\n<p>\n\t\t\t\t\t\tTelefon: 0850 495 5 444<br \/>\nWhatsApp: 0534 934 51 51\t\t\t\t\t<\/p>\n","protected":false},"excerpt":{"rendered":"<p>Sat\u0131\u015f Ma\u011fazam\u0131z Adres: Cumhuriyet, Necip Faz\u0131l Cd. NO: 42, 34265 Sultangazi\/\u0130stanbul \u0130leti\u015fim Bilgilerimiz Telefon: 0850 495 5 444 WhatsApp: 0534<\/p>\n","protected":false},"author":1,"featured_media":0,"parent":0,"menu_order":0,"comment_status":"closed","ping_status":"closed","template":"","meta":{"footnotes":""},"_links":{"self":[{"href":"https:\/\/www.fiberbarkod.com.tr\/index.php\/wp-json\/wp\/v2\/pages\/4439"}],"collection":[{"href":"https:\/\/www.fiberbarkod.com.tr\/index.php\/wp-json\/wp\/v2\/pages"}],"about":[{"href":"https:\/\/www.fiberbarkod.com.tr\/index.php\/wp-json\/wp\/v2\/types\/page"}],"author":[{"embeddable":true,"href":"https:\/\/www.fiberbarkod.com.tr\/index.php\/wp-json\/wp\/v2\/users\/1"}],"replies":[{"embeddable":true,"href":"https:\/\/www.fiberbarkod.com.tr\/index.php\/wp-json\/wp\/v2\/comments?post=4439"}],"version-history":[{"count":19,"href":"https:\/\/www.fiberbarkod.com.tr\/index.php\/wp-json\/wp\/v2\/pages\/4439\/revisions"}],"predecessor-version":[{"id":11429,"href":"https:\/\/www.fiberbarkod.com.tr\/index.php\/wp-json\/wp\/v2\/pages\/4439\/revisions\/11429"}],"wp:attachment":[{"href":"https:\/\/www.fiberbarkod.com.tr\/index.php\/wp-json\/wp\/v2\/media?parent=4439"}],"curies":[{"name":"wp","href":"https:\/\/api.w.org\/{rel}","templated":true}]}}