{"id":9326,"date":"2021-12-18T11:24:24","date_gmt":"2021-12-18T11:24:24","guid":{"rendered":"https:\/\/www.fiberbarkod.com.tr\/?page_id=9326"},"modified":"2021-12-18T11:24:26","modified_gmt":"2021-12-18T11:24:26","slug":"banka-bilgilerimiz","status":"publish","type":"page","link":"https:\/\/www.fiberbarkod.com.tr\/index.php\/banka-bilgilerimiz\/","title":{"rendered":"Banka Bilgilerimiz"},"content":{"rendered":"\n<table width=\"446\">\n<tbody>\n<tr>\n<td style=\"text-align: center;\" width=\"446\"><em><strong>F\u0130BER BARKOD BANKA B\u0130LG\u0130LER\u0130<\/strong><\/em><\/td>\n<\/tr>\n<tr>\n<td style=\"text-align: center;\">GARANT\u0130 BANK<\/td>\n<\/tr>\n<tr>\n<td style=\"text-align: center;\">SAL\u0130H KU\u015eU\u00c7AR<\/td>\n<\/tr>\n<tr>\n<td style=\"text-align: center;\">TR 88 0006 2001 1200 0006 6987 59<\/td>\n<\/tr>\n<tr>\n<td><\/td>\n<\/tr>\n<tr>\n<td>\n<table style=\"height: 24px;\" width=\"438\">\n<tbody>\n<tr>\n<td style=\"text-align: center;\" width=\"446\">Z\u0130RAAT BANKASI<\/td>\n<\/tr>\n<\/tbody>\n<\/table>\n<\/td>\n<\/tr>\n<tr>\n<td style=\"text-align: center;\">SAL\u0130H KU\u015eU\u00c7AR<\/td>\n<\/tr>\n<tr>\n<td style=\"text-align: center;\">TR 43 0001 0024 7362 6577 7050 01<\/td>\n<\/tr>\n<tr>\n<td><\/td>\n<\/tr>\n<tr>\n<td style=\"text-align: center;\">K\u00dcVETT\u00dcRK BANKASI<\/td>\n<\/tr>\n<tr>\n<td style=\"text-align: center;\">SAL\u0130H KU\u015eU\u00c7AR<\/td>\n<\/tr>\n<tr>\n<td style=\"text-align: center;\">TR 87 0020 5000 0944 5524 3000 01<\/td>\n<\/tr>\n<tr>\n<td><\/td>\n<\/tr>\n<tr>\n<td style=\"text-align: center;\">T\u00dcRK\u0130YE F\u0130NAS BANKASI<\/td>\n<\/tr>\n<tr>\n<td style=\"text-align: center;\">SAL\u0130H KU\u015eU\u00c7AR<\/td>\n<\/tr>\n<tr>\n<td style=\"text-align: center;\">TR 30 0020 6001 6803 6522 1000 01<\/td>\n<\/tr>\n<\/tbody>\n<\/table>\n\n\n\n<figure class=\"wp-block-image size-full\"><a href=\"https:\/\/www.fiberbarkod.com.tr\/wp-content\/uploads\/2021\/12\/bankahesap.jpeg\"><img loading=\"lazy\" decoding=\"async\" width=\"441\" height=\"664\" src=\"https:\/\/www.fiberbarkod.com.tr\/wp-content\/uploads\/2021\/12\/bankahesap.jpeg\" alt=\"\" class=\"wp-image-9327\" srcset=\"https:\/\/www.fiberbarkod.com.tr\/wp-content\/uploads\/2021\/12\/bankahesap.jpeg 441w, https:\/\/www.fiberbarkod.com.tr\/wp-content\/uploads\/2021\/12\/bankahesap-199x300.jpeg 199w, https:\/\/www.fiberbarkod.com.tr\/wp-content\/uploads\/2021\/12\/bankahesap-430x647.jpeg 430w, https:\/\/www.fiberbarkod.com.tr\/wp-content\/uploads\/2021\/12\/bankahesap-150x226.jpeg 150w\" sizes=\"(max-width: 441px) 100vw, 441px\" \/><\/a><\/figure>\n","protected":false},"excerpt":{"rendered":"<p>F\u0130BER BARKOD BANKA B\u0130LG\u0130LER\u0130 GARANT\u0130 BANK SAL\u0130H KU\u015eU\u00c7AR TR 88 0006 2001 1200 0006 6987 59 Z\u0130RAAT BANKASI SAL\u0130H KU\u015eU\u00c7AR<\/p>\n","protected":false},"author":1,"featured_media":0,"parent":0,"menu_order":0,"comment_status":"closed","ping_status":"closed","template":"","meta":{"footnotes":""},"_links":{"self":[{"href":"https:\/\/www.fiberbarkod.com.tr\/index.php\/wp-json\/wp\/v2\/pages\/9326"}],"collection":[{"href":"https:\/\/www.fiberbarkod.com.tr\/index.php\/wp-json\/wp\/v2\/pages"}],"about":[{"href":"https:\/\/www.fiberbarkod.com.tr\/index.php\/wp-json\/wp\/v2\/types\/page"}],"author":[{"embeddable":true,"href":"https:\/\/www.fiberbarkod.com.tr\/index.php\/wp-json\/wp\/v2\/users\/1"}],"replies":[{"embeddable":true,"href":"https:\/\/www.fiberbarkod.com.tr\/index.php\/wp-json\/wp\/v2\/comments?post=9326"}],"version-history":[{"count":1,"href":"https:\/\/www.fiberbarkod.com.tr\/index.php\/wp-json\/wp\/v2\/pages\/9326\/revisions"}],"predecessor-version":[{"id":9328,"href":"https:\/\/www.fiberbarkod.com.tr\/index.php\/wp-json\/wp\/v2\/pages\/9326\/revisions\/9328"}],"wp:attachment":[{"href":"https:\/\/www.fiberbarkod.com.tr\/index.php\/wp-json\/wp\/v2\/media?parent=9326"}],"curies":[{"name":"wp","href":"https:\/\/api.w.org\/{rel}","templated":true}]}}