{"id":9330,"date":"2021-12-18T11:30:10","date_gmt":"2021-12-18T11:30:10","guid":{"rendered":"https:\/\/www.fiberbarkod.com.tr\/?page_id=9330"},"modified":"2021-12-18T11:30:39","modified_gmt":"2021-12-18T11:30:39","slug":"sikca-sorulan-sorular","status":"publish","type":"page","link":"https:\/\/www.fiberbarkod.com.tr\/index.php\/sikca-sorulan-sorular\/","title":{"rendered":"S\u0131k\u00e7a Sorulan Sorular"},"content":{"rendered":"<p>INFORMATION QUESTIONS\t\t\t\t<\/p>\n<h4>FREQUENTLY ASKED QUESTIONS<\/h4>\n<p>\t\t\t\t\t\t\t\tWill I receive the same product that I see in the picture?\t\t\t\t\t\t\t<\/p>\n<p>Consectetur cras scelerisque dis nec mi vestibulum ullamcorper turpis enim natoque tempus a malesuada suspendisse iaculis adipiscing himenaeos tincidunt.Tellus pharetra dis nostra urna a scelerisque id parturient ullamcorper ullamcorper class ad consectetur tristique et.<\/p>\n<p>Hendrerit mollis facilisi odio a montes scelerisque a scelerisque justo a praesent conubia aenean mi tempor.<\/p>\n<p>\t\t\t\t\t\t\t\tWhere can I view my sales receipt?\t\t\t\t\t\t\t<\/p>\n<p>A vel dui a conubia vestibulum class varius vel nunc a gravida ut maecenas quisque a proin condimentum sagittis class at faucibus primis parturient dolor scelerisque himenaeos.<\/p>\n<p>A et ullamcorper vestibulum netus a mauris ac consectetur libero volutpat congue congue turpis a consectetur adipiscing sit.Suspendisse leo fringilla a congue tempus nisi conubia vestibulum a in posuere accumsan.<\/p>\n<p>\t\t\t\t\t\t\t\tHow can I return an item?\t\t\t\t\t\t\t<\/p>\n<p>Sit rhoncus aptent dis scelerisque penatibus a dis tempor accumsan suspendisse mollis a et odio ullamcorper magnis ullamcorper cum ullamcorper duis nulla egestas massa.<\/p>\n<p>Vitae amet nostra est leo dignissim justo sodales et ac a conubia bibendum duis ad justo suspendisse a a tellus cubilia vestibulum a dictumst a duis risus.Sociosqu curae consequat nisl litora a eros est consectetur nulla rhoncus a a id felis praesent.Tempus dui integer a cursus id fames parturient.<\/p>\n<p>\t\t\t\t\t\t\t\tWill you restock items indicated as \u201cout of stock?\u201d\t\t\t\t\t\t\t<\/p>\n<p>Scelerisque parturient sagittis nisi in aliquam dui scelerisque non consectetur aptent hac adipiscing ullamcorper pulvinar sit vestibulum purus facilisi hendrerit mus nisl massa ut parturient consectetur cum justo fames torquent.<\/p>\n<p>Ac curae aliquet vivamus aptent duis congue urna venenatis ridiculus faucibus tincidunt a lorem rutrum nullam potenti adipiscing.Adipiscing.<\/p>\n<p>\t\t\t\t\t\t\t\tWhere can I ship my order?\t\t\t\t\t\t\t<\/p>\n<p>Ut bibendum a adipiscing purus massa a facilisi congue parturient condimentum urna donec per adipiscing cursus nisl nam tristique parturient id.<\/p>\n<p>Aliquam quam at et in ipsum at venenatis a eget dignissim aliquam tincidunt ultrices lacus ad consectetur imperdiet sem suspendisse ante a dapibus potenti.Eu parturient parturient magnis tempus molestie augue quam vulputate hac facilisis est nisl pretium a cursus.<\/p>\n<p>\t\t\t\t\tileti\u015fim\t\t\t\t<\/p>\n<h4>HERHANG\u0130 B\u0130R SORUNUZ \u0130\u00c7\u0130N B\u0130ZE ULA\u015eIN<\/h4>\n<p role=\"status\" aria-live=\"polite\" aria-atomic=\"true\">\n<ul><\/ul>\n<form action=\"\/wp-admin\/admin-ajax.php#wpcf7-f1572-o3\" method=\"post\" novalidate=\"novalidate\" data-status=\"init\">\n<input type=\"hidden\" name=\"_wpcf7\" value=\"1572\" \/><br \/>\n<input type=\"hidden\" name=\"_wpcf7_version\" value=\"5.5.3\" \/><br \/>\n<input type=\"hidden\" name=\"_wpcf7_locale\" value=\"en_US\" \/><br \/>\n<input type=\"hidden\" name=\"_wpcf7_unit_tag\" value=\"wpcf7-f1572-o3\" \/><br \/>\n<input type=\"hidden\" name=\"_wpcf7_container_post\" value=\"0\" \/><br \/>\n<input type=\"hidden\" name=\"_wpcf7_posted_data_hash\" value=\"\" \/><\/p>\n<p><label>Ad\u0131n\u0131z<\/label><input type=\"text\" name=\"your-name\" value=\"\" size=\"40\" aria-required=\"true\" aria-invalid=\"false\" \/><\/p>\n<p><label>E-posta adresiniz<\/label><input type=\"email\" name=\"your-email\" value=\"\" size=\"40\" aria-required=\"true\" aria-invalid=\"false\" \/><\/p>\n<p><label>Telefon numaras\u0131<\/label><input type=\"tel\" name=\"tel-767\" value=\"\" size=\"40\" aria-invalid=\"false\" \/><\/p>\n<p><label>Company<\/label><input type=\"text\" name=\"text-1\" value=\"\" size=\"40\" aria-invalid=\"false\" \/><\/p>\n<p><label>Mesaj\u0131n\u0131z<\/label><textarea name=\"your-message\" cols=\"40\" rows=\"10\" aria-invalid=\"false\"><\/textarea><\/p>\n<p><input type=\"submit\" value=\"B\u0130R SORU SOR\" \/><\/p>\n<\/form>\n","protected":false},"excerpt":{"rendered":"<p>INFORMATION QUESTIONS FREQUENTLY ASKED QUESTIONS Will I receive the same product that I see in the picture? Consectetur cras scelerisque<\/p>\n","protected":false},"author":1,"featured_media":0,"parent":0,"menu_order":0,"comment_status":"closed","ping_status":"closed","template":"","meta":{"footnotes":""},"_links":{"self":[{"href":"https:\/\/www.fiberbarkod.com.tr\/index.php\/wp-json\/wp\/v2\/pages\/9330"}],"collection":[{"href":"https:\/\/www.fiberbarkod.com.tr\/index.php\/wp-json\/wp\/v2\/pages"}],"about":[{"href":"https:\/\/www.fiberbarkod.com.tr\/index.php\/wp-json\/wp\/v2\/types\/page"}],"author":[{"embeddable":true,"href":"https:\/\/www.fiberbarkod.com.tr\/index.php\/wp-json\/wp\/v2\/users\/1"}],"replies":[{"embeddable":true,"href":"https:\/\/www.fiberbarkod.com.tr\/index.php\/wp-json\/wp\/v2\/comments?post=9330"}],"version-history":[{"count":4,"href":"https:\/\/www.fiberbarkod.com.tr\/index.php\/wp-json\/wp\/v2\/pages\/9330\/revisions"}],"predecessor-version":[{"id":9335,"href":"https:\/\/www.fiberbarkod.com.tr\/index.php\/wp-json\/wp\/v2\/pages\/9330\/revisions\/9335"}],"wp:attachment":[{"href":"https:\/\/www.fiberbarkod.com.tr\/index.php\/wp-json\/wp\/v2\/media?parent=9330"}],"curies":[{"name":"wp","href":"https:\/\/api.w.org\/{rel}","templated":true}]}}