{"id":9661,"date":"2021-12-25T13:05:57","date_gmt":"2021-12-25T13:05:57","guid":{"rendered":"https:\/\/www.fiberbarkod.com.tr\/?page_id=9661"},"modified":"2024-08-09T21:26:49","modified_gmt":"2024-08-09T18:26:49","slug":"egitim-videolari","status":"publish","type":"page","link":"https:\/\/www.fiberbarkod.com.tr\/index.php\/egitim-videolari\/","title":{"rendered":"E\u011fitim Videolar\u0131"},"content":{"rendered":"<h2>E\u011fitim Videolar\u0131<\/h2>\n<p>\t\t<iframe loading=\"lazy\" title=\"Market Manav Barkod Sistemi\" width=\"500\" height=\"281\" src=\"https:\/\/www.youtube.com\/embed\/D6R4acsG7MI?feature=oembed\" frameborder=\"0\" allow=\"accelerometer; autoplay; clipboard-write; encrypted-media; gyroscope; picture-in-picture; web-share\" referrerpolicy=\"strict-origin-when-cross-origin\" allowfullscreen><\/iframe><\/p>\n","protected":false},"excerpt":{"rendered":"<p>E\u011fitim Videolar\u0131<\/p>\n","protected":false},"author":1,"featured_media":0,"parent":0,"menu_order":0,"comment_status":"closed","ping_status":"closed","template":"","meta":{"footnotes":""},"_links":{"self":[{"href":"https:\/\/www.fiberbarkod.com.tr\/index.php\/wp-json\/wp\/v2\/pages\/9661"}],"collection":[{"href":"https:\/\/www.fiberbarkod.com.tr\/index.php\/wp-json\/wp\/v2\/pages"}],"about":[{"href":"https:\/\/www.fiberbarkod.com.tr\/index.php\/wp-json\/wp\/v2\/types\/page"}],"author":[{"embeddable":true,"href":"https:\/\/www.fiberbarkod.com.tr\/index.php\/wp-json\/wp\/v2\/users\/1"}],"replies":[{"embeddable":true,"href":"https:\/\/www.fiberbarkod.com.tr\/index.php\/wp-json\/wp\/v2\/comments?post=9661"}],"version-history":[{"count":8,"href":"https:\/\/www.fiberbarkod.com.tr\/index.php\/wp-json\/wp\/v2\/pages\/9661\/revisions"}],"predecessor-version":[{"id":10746,"href":"https:\/\/www.fiberbarkod.com.tr\/index.php\/wp-json\/wp\/v2\/pages\/9661\/revisions\/10746"}],"wp:attachment":[{"href":"https:\/\/www.fiberbarkod.com.tr\/index.php\/wp-json\/wp\/v2\/media?parent=9661"}],"curies":[{"name":"wp","href":"https:\/\/api.w.org\/{rel}","templated":true}]}}